{"id":138,"date":"2023-08-18T11:04:38","date_gmt":"2023-08-18T09:04:38","guid":{"rendered":"https:\/\/www.chateau-anneot.fr\/?page_id=138"},"modified":"2024-06-05T20:49:14","modified_gmt":"2024-06-05T18:49:14","slug":"actualites","status":"publish","type":"page","link":"https:\/\/www.chateau-anneot.fr\/index.php\/actualites\/","title":{"rendered":"Nous soutenir"},"content":{"rendered":"\n<h2 class=\"wp-block-heading\">Participez \u00e0 la restauration des toitures avec la Fondation du patrimoine<\/h2>\n\n\n\n<figure class=\"wp-block-image size-large\"><img loading=\"lazy\" decoding=\"async\" width=\"1024\" height=\"940\" src=\"https:\/\/www.chateau-anneot.fr\/wp-content\/uploads\/2024\/06\/fondation-du-patrimoine_logo-1024x940.png\" alt=\"\" class=\"wp-image-253\" srcset=\"https:\/\/www.chateau-anneot.fr\/wp-content\/uploads\/2024\/06\/fondation-du-patrimoine_logo-1024x940.png 1024w, https:\/\/www.chateau-anneot.fr\/wp-content\/uploads\/2024\/06\/fondation-du-patrimoine_logo-300x275.png 300w, https:\/\/www.chateau-anneot.fr\/wp-content\/uploads\/2024\/06\/fondation-du-patrimoine_logo-768x705.png 768w, https:\/\/www.chateau-anneot.fr\/wp-content\/uploads\/2024\/06\/fondation-du-patrimoine_logo-1536x1410.png 1536w, https:\/\/www.chateau-anneot.fr\/wp-content\/uploads\/2024\/06\/fondation-du-patrimoine_logo-1568x1440.png 1568w, https:\/\/www.chateau-anneot.fr\/wp-content\/uploads\/2024\/06\/fondation-du-patrimoine_logo.png 1906w\" sizes=\"auto, (max-width: 1024px) 100vw, 1024px\" \/><\/figure>\n\n\n\n<p>Vous souhaitez soutenir le projet de restauration du ch\u00e2teau<br>d\u2019Ann\u00e9ot&nbsp;? Vous souhaitez r\u00e9duire votre imposition&nbsp;?<\/p>\n\n\n\n<p>La Fondation du patrimoine a initi\u00e9 une collecte de fonds<br>afin de permettre \u00e0 de g\u00e9n\u00e9reux donateurs amoureux du patrimoine de participer \u00e0 la prochaine campagne de travaux tout en b\u00e9n\u00e9ficiant d\u2019un avantage fiscal. D\u00e9duisez 66% du montant de votre don sur votre imp\u00f4t sur le<br>revenu (60 % pour les entreprises) et b\u00e9n\u00e9ficiez d\u2019une contrepartie&nbsp;! Un<br>don de 100 \u20ac ne vous co\u00fbtera que 34 \u20ac.D\u00e9couvrez plus de d\u00e9tails sur cette campagne de restauration<br>et sur les contreparties propos\u00e9es sur <a href=\"https:\/\/www.fondation-patrimoine.org\/les-projets\/restauration-du-chateau-a-anneot-indivision-barbollat-laogogue\">la page d\u00e9di\u00e9e<\/a>. Les petits ruisseaux font les grandes rivi\u00e8res, merci \u00e0 tous<br>pour votre soutien&nbsp;!<\/p>\n\n\n\n<div data-wp-interactive=\"core\/file\" class=\"wp-block-file\"><object data-wp-bind--hidden=\"!state.hasPdfPreview\" hidden class=\"wp-block-file__embed\" data=\"https:\/\/www.chateau-anneot.fr\/wp-content\/uploads\/2024\/06\/BS-Anneot-chateau-2024-V2-1.pdf\" type=\"application\/pdf\" style=\"width:100%;height:600px\" aria-label=\"Contenu embarqu\u00e9 BS-Anneot-chateau-2024-V2-1.\"><\/object><a id=\"wp-block-file--media-8d1ab96a-debf-4a3d-8c89-5143cfff1600\" href=\"https:\/\/www.chateau-anneot.fr\/wp-content\/uploads\/2024\/06\/BS-Anneot-chateau-2024-V2-1.pdf\">BS-Anneot-chateau-2024-V2-1<\/a><a href=\"https:\/\/www.chateau-anneot.fr\/wp-content\/uploads\/2024\/06\/BS-Anneot-chateau-2024-V2-1.pdf\" class=\"wp-block-file__button wp-element-button\" download aria-describedby=\"wp-block-file--media-8d1ab96a-debf-4a3d-8c89-5143cfff1600\">T\u00e9l\u00e9charger<\/a><\/div>\n\n\n\n<h2 class=\"wp-block-heading\">Participez \u00e0 la cr\u00e9ation des jardins !<\/h2>\n\n\n\n<figure class=\"wp-block-image\"><a href=\"https:\/\/www.leetchi.com\/fr\/c\/restauration-des-jardins-du-chateau-danneot-dans-lyonne-9602707\" target=\"_blank\" rel=\"noreferrer noopener\"><img loading=\"lazy\" decoding=\"async\" width=\"632\" height=\"450\" src=\"https:\/\/www.chateau-anneot.fr\/wp-content\/uploads\/2023\/08\/anneot-Chateau-DJI_0501-51-1.jpg\" alt=\"\" class=\"wp-image-121\" srcset=\"https:\/\/www.chateau-anneot.fr\/wp-content\/uploads\/2023\/08\/anneot-Chateau-DJI_0501-51-1.jpg 632w, https:\/\/www.chateau-anneot.fr\/wp-content\/uploads\/2023\/08\/anneot-Chateau-DJI_0501-51-1-300x214.jpg 300w\" sizes=\"auto, (max-width: 632px) 100vw, 632px\" \/><\/a><\/figure>\n\n\n\n<p>Les archives nous renseignent sur le fait que le cr\u00e9ateur des jardins, Charles-Fran\u00e7ois Champion (1701-1779), avait cherch\u00e9 \u00e0 \u201cimiter Versailles dans un espace de moins de un arpent\u201d (soit environ 4200 m\u00b2).<\/p>\n\n\n\n<p><strong>C\u2019est pr\u00e9cis\u00e9ment cette surface que nous souhaitons r\u00e9am\u00e9nager en jardin remarquable afin de<\/strong>&nbsp;<strong>pouvoir l\u2019ouvrir \u00e0 la visite d\u00e8s l\u2019\u00e9t\u00e9 2024.<\/strong><\/p>\n\n\n\n<p>A l\u2019image du ch\u00e2teau et de ses communs,&nbsp;<strong>le jardin et ses sculptures ont \u00e9t\u00e9 laiss\u00e9s \u00e0 l\u2019abandon&nbsp;<\/strong>et aux mains des pilleurs pendant plus de 40 ans. De nombreux arbres sont \u00e0 terre et d\u2019autres malades ou morts.<\/p>\n\n\n\n<p><strong>Cette cagnotte permettra d\u2019initier les premiers travaux d\u2019entretien du parc (cr\u00e9ation des all\u00e9es, abattage des arbres morts ou malades) et d\u2019acheter fleurs, arbustes et arbres qui agr\u00e9menteront le parcours de visite des jardins ouverts \u00e0 la visite.<\/strong><\/p>\n\n\n\n<figure class=\"wp-block-image\"><a href=\"https:\/\/www.leetchi.com\/fr\/c\/restauration-des-jardins-du-chateau-danneot-dans-lyonne-9602707\" target=\"_blank\" rel=\"noreferrer noopener\"><img loading=\"lazy\" decoding=\"async\" width=\"225\" height=\"225\" src=\"https:\/\/www.chateau-anneot.fr\/wp-content\/uploads\/2023\/08\/telechargement.png\" alt=\"\" class=\"wp-image-122\" srcset=\"https:\/\/www.chateau-anneot.fr\/wp-content\/uploads\/2023\/08\/telechargement.png 225w, https:\/\/www.chateau-anneot.fr\/wp-content\/uploads\/2023\/08\/telechargement-150x150.png 150w\" sizes=\"auto, (max-width: 225px) 100vw, 225px\" \/><\/a><\/figure>\n\n\n\n<p>Merci \u00e0 toutes et tous pour votre contribution qui sera une aide pr\u00e9cieuse tant la t\u00e2che et les d\u00e9penses sont immenses sur ce projet de restauration globale des b\u00e2timents et des jardins.<\/p>\n\n\n\n<p><a href=\"https:\/\/www.leetchi.com\/fr\/c\/restauration-des-jardins-du-chateau-danneot-dans-lyonne-9602707\" target=\"_blank\" rel=\"noreferrer noopener\">Cliquez ici pour soutenir le projet sur leetchi<\/a><\/p>\n","protected":false},"excerpt":{"rendered":"<p>Participez \u00e0 la restauration des toitures avec la Fondation du patrimoine Vous souhaitez soutenir le projet de restauration du ch\u00e2teaud\u2019Ann\u00e9ot&nbsp;? Vous souhaitez r\u00e9duire votre imposition&nbsp;? La Fondation du patrimoine a initi\u00e9 une collecte de fondsafin de permettre \u00e0 de g\u00e9n\u00e9reux donateurs amoureux du patrimoine de participer \u00e0 la prochaine campagne de travaux tout en b\u00e9n\u00e9ficiant<a class=\"more-link\" href=\"https:\/\/www.chateau-anneot.fr\/index.php\/actualites\/\">Continue reading <span class=\"screen-reader-text\">\u00ab\u00a0Nous soutenir\u00a0\u00bb<\/span><\/a><\/p>\n","protected":false},"author":1,"featured_media":0,"parent":0,"menu_order":0,"comment_status":"closed","ping_status":"closed","template":"","meta":{"_monsterinsights_skip_tracking":false,"_monsterinsights_sitenote_active":false,"_monsterinsights_sitenote_note":"","_monsterinsights_sitenote_category":0,"footnotes":""},"class_list":["post-138","page","type-page","status-publish","hentry","entry"],"_links":{"self":[{"href":"https:\/\/www.chateau-anneot.fr\/index.php\/wp-json\/wp\/v2\/pages\/138","targetHints":{"allow":["GET"]}}],"collection":[{"href":"https:\/\/www.chateau-anneot.fr\/index.php\/wp-json\/wp\/v2\/pages"}],"about":[{"href":"https:\/\/www.chateau-anneot.fr\/index.php\/wp-json\/wp\/v2\/types\/page"}],"author":[{"embeddable":true,"href":"https:\/\/www.chateau-anneot.fr\/index.php\/wp-json\/wp\/v2\/users\/1"}],"replies":[{"embeddable":true,"href":"https:\/\/www.chateau-anneot.fr\/index.php\/wp-json\/wp\/v2\/comments?post=138"}],"version-history":[{"count":7,"href":"https:\/\/www.chateau-anneot.fr\/index.php\/wp-json\/wp\/v2\/pages\/138\/revisions"}],"predecessor-version":[{"id":255,"href":"https:\/\/www.chateau-anneot.fr\/index.php\/wp-json\/wp\/v2\/pages\/138\/revisions\/255"}],"wp:attachment":[{"href":"https:\/\/www.chateau-anneot.fr\/index.php\/wp-json\/wp\/v2\/media?parent=138"}],"curies":[{"name":"wp","href":"https:\/\/api.w.org\/{rel}","templated":true}]}}