{"id":46,"date":"2023-07-06T14:32:39","date_gmt":"2023-07-06T12:32:39","guid":{"rendered":"https:\/\/www.chateau-anneot.fr\/?page_id=46"},"modified":"2023-12-17T16:04:03","modified_gmt":"2023-12-17T15:04:03","slug":"contact","status":"publish","type":"page","link":"https:\/\/www.chateau-anneot.fr\/index.php\/contact\/","title":{"rendered":"Nous contacter"},"content":{"rendered":"\n<p>Pour toute demande d&rsquo;information (shooting photo, tournage, \u00e9v\u00e9nementiel, visite priv\u00e9e, etc.), vous pouvez <a href=\"mailto:chateauanneot@gmail.com\">nous contacter en cliquant ici<\/a><\/p>\n\n\n\n<div id=\"mc_embed_shell\">\n      <link href=\"\/\/cdn-images.mailchimp.com\/embedcode\/classic-061523.css\" rel=\"stylesheet\" typeee=\"text\/css\">\n  <style type=\"text\/css\">\n        #mc_embed_signup{background:#fff; false;clear:left; font:14px Helvetica,Arial,sans-serif; width: 600px;}\n        \/* Add your own Mailchimp form style overrides in your site stylesheet or in this style block.\n           We recommend moving this block and the preceding CSS link to the HEAD of your HTML file. *\/\n<\/style>\n<div id=\"mc_embed_signup\">\n    <form action=\"https:\/\/chateau-anneot.us21.list-manage.com\/subscribe\/post?u=be619eb242462871fe88ebbd7&amp;id=f8bef4040d&amp;f_id=00af39e7f0\" method=\"post\" id=\"mc-embedded-subscribe-form\" name=\"mc-embedded-subscribe-form\" class=\"validate\" target=\"_blank\">\n        <div id=\"mc_embed_signup_scroll\"><h2>Pour vous abonner \u00e0 notre newsletter veuillez entrer votre email ci-dessous<\/h2>\n            <div class=\"indicates-required\"><span class=\"asterisk\">*<\/span> champs obligatoire<\/div>\n            <div class=\"mc-field-group\"><label for=\"mce-EMAIL\">Adresse e-mail <span class=\"asterisk\">*<\/span><\/label><input type=\"email\" name=\"EMAIL\" class=\"required email\" id=\"mce-EMAIL\" required=\"\" value=\"\"><span id=\"mce-EMAIL-HELPERTEXT\" class=\"helper_text\"><\/span><\/div>\n        <div id=\"mce-responses\" class=\"clear foot\">\n            <div class=\"response\" id=\"mce-error-response\" style=\"display: none;\"><\/div>\n            <div class=\"response\" id=\"mce-success-response\" style=\"display: none;\"><\/div>\n        <\/div>\n    <div style=\"position: absolute; left: -5000px;\" aria-hidden=\"true\">\n        \/* real people should not fill this in and expect good things &#8211; do not remove this or risk form bot signups *\/\n        <input type=\"text\" name=\"b_be619eb242462871fe88ebbd7_f8bef4040d\" tabindex=\"-1\" value=\"\">\n    <\/div>\n        <div class=\"optionalParent\">\n            <div class=\"clear foot\">\n                <input type=\"soumettre\" name=\"s'inscrire\" id=\"mc-embedded-subscribe\" class=\"button\" value=\"S'inscrire\">\n                <p style=\"margin: 0px auto;\"><span style=\"display: inline-block; background-color: transparent; border-radius: 4px;\"><\/span><\/a><\/p>\n            <\/div>\n        <\/div>\n    <\/div>\n<\/form>\n<\/div>\n<script type=\"text\/javascript\" src=\"\/\/s3.amazonaws.com\/downloads.mailchimp.com\/js\/mc-validate.js\"><\/script><script type=\"text\/javascript\">(function($) {window.fnames = new Array(); window.ftypes = new Array();fnames[0]='EMAIL';ftypes[0]='email';fnames[1]='FNAME';ftypes[1]='text';fnames[2]='LNAME';ftypes[2]='text';fnames[3]='ADDRESS';ftypes[3]='address';fnames[4]='PHONE';ftypes[4]='phone';fnames[5]='BIRTHDAY';ftypes[5]='birthday';}(jQuery));var $mcj = jQuery.noConflict(true);<\/script><\/div>\n\n\n\n<p><a href=\"http:\/\/eepurl.com\/iFk5MM\"><\/a><\/p>\n","protected":false},"excerpt":{"rendered":"<p>Pour toute demande d&rsquo;information (shooting photo, tournage, \u00e9v\u00e9nementiel, visite priv\u00e9e, etc.), vous pouvez nous contacter en cliquant ici Pour vous abonner \u00e0 notre newsletter veuillez entrer votre email ci-dessous * champs obligatoire Adresse e-mail * \/* real people should not fill this in and expect good things &#8211; do not remove this or risk form<a class=\"more-link\" href=\"https:\/\/www.chateau-anneot.fr\/index.php\/contact\/\">Continue reading <span class=\"screen-reader-text\">\u00ab\u00a0Nous contacter\u00a0\u00bb<\/span><\/a><\/p>\n","protected":false},"author":1,"featured_media":0,"parent":0,"menu_order":0,"comment_status":"closed","ping_status":"closed","template":"","meta":{"_monsterinsights_skip_tracking":false,"_monsterinsights_sitenote_active":false,"_monsterinsights_sitenote_note":"","_monsterinsights_sitenote_category":0,"footnotes":""},"class_list":["post-46","page","type-page","status-publish","hentry","entry"],"_links":{"self":[{"href":"https:\/\/www.chateau-anneot.fr\/index.php\/wp-json\/wp\/v2\/pages\/46","targetHints":{"allow":["GET"]}}],"collection":[{"href":"https:\/\/www.chateau-anneot.fr\/index.php\/wp-json\/wp\/v2\/pages"}],"about":[{"href":"https:\/\/www.chateau-anneot.fr\/index.php\/wp-json\/wp\/v2\/types\/page"}],"author":[{"embeddable":true,"href":"https:\/\/www.chateau-anneot.fr\/index.php\/wp-json\/wp\/v2\/users\/1"}],"replies":[{"embeddable":true,"href":"https:\/\/www.chateau-anneot.fr\/index.php\/wp-json\/wp\/v2\/comments?post=46"}],"version-history":[{"count":13,"href":"https:\/\/www.chateau-anneot.fr\/index.php\/wp-json\/wp\/v2\/pages\/46\/revisions"}],"predecessor-version":[{"id":228,"href":"https:\/\/www.chateau-anneot.fr\/index.php\/wp-json\/wp\/v2\/pages\/46\/revisions\/228"}],"wp:attachment":[{"href":"https:\/\/www.chateau-anneot.fr\/index.php\/wp-json\/wp\/v2\/media?parent=46"}],"curies":[{"name":"wp","href":"https:\/\/api.w.org\/{rel}","templated":true}]}}